{"id":1442,"date":"2020-08-18T07:42:52","date_gmt":"2020-08-18T07:42:52","guid":{"rendered":"http:\/\/35.228.116.243\/?page_id=1442"},"modified":"2024-09-26T21:42:45","modified_gmt":"2024-09-26T18:42:45","slug":"certo","status":"publish","type":"page","link":"https:\/\/www.metce.fi\/?page_id=1442","title":{"rendered":"Certo\u00ae System"},"content":{"rendered":"\n<h2 class=\"has-text-align-center\"> <\/h2>\n\n\n\n<div class=\"wp-block-columns alignwide are-vertically-aligned-bottom\">\n<div class=\"wp-block-column is-vertically-aligned-bottom\"><\/div>\n\n\n\n<div class=\"wp-block-column is-vertically-aligned-bottom\" style=\"flex-basis:15%\">\n<figure class=\"wp-block-image size-full is-style-default\"><img loading=\"lazy\" width=\"227\" height=\"232\" src=\"https:\/\/www.metce.fi\/wp-content\/uploads\/2023\/02\/Certo.jpg\" alt=\"\" class=\"wp-image-1987\"\/><\/figure>\n\n\n\n<p><\/p>\n<\/div>\n\n\n\n<div class=\"wp-block-column is-vertically-aligned-center\" style=\"flex-basis:95%\">\n<h1 class=\"has-text-align-left\"><strong><a href=\"http:\/\/www.certo.fi\">Certo Software<\/a> &#8211; pilvipalvelu lasi- ja ter\u00e4srakenteiden valmistajille<\/strong><\/h1>\n\n\n\n<p><a href=\"http:\/\/www.certo.fi\">Kirjaudu sis\u00e4\u00e4n<\/a><\/p>\n\n\n\n<p><\/p>\n<\/div>\n<\/div>\n\n\n\n<div class=\"wp-container-1 wp-block-group alignwide\"><div class=\"wp-block-group__inner-container\">\n<p class=\"has-text-align-left\"><strong>Certo automatisoi rakennustuotteiden CE-merkint\u00e4\u00e4n liittyv\u00e4n dokumentaation laadinnan, julkaisemisen, yll\u00e4pidon ja arkistoinnin. Palvelulla my\u00f6s hallitset valmistus- ja asennusprosessin alusta loppuun saakka.<\/strong><\/p>\n<\/div><\/div>\n\n\n\n<div class=\"wp-block-columns alignwide\">\n<div class=\"wp-block-column is-vertically-aligned-center\" style=\"flex-basis:95%\">\n<p class=\"has-text-align-left\">T\u00e4ll\u00e4 hetkell\u00e4 palvelu kattaa seuraavien Eurooppalaisten harmonisoitujen standardien soveltamisalaan kuuluvien ter\u00e4srakenteiden, ikkunoiden ja ovien, julkisivuj\u00e4rjestelmien ja savunpoistoluukkujen CE-merkint\u00e4prosessin:<\/p>\n\n\n\n<ul class=\"certolist\"><li>EN 1090    (ter\u00e4s- ja alumiinirakenteiden toteutus) <strong>Katso Certo Steel -esittelyvideo<\/strong> <a href=\"https:\/\/youtu.be\/HH5PYDWYGnI?si=46RwLJ7WCv0mJhX7\"><strong>t\u00e4st\u00e4<\/strong><\/a><\/li><li>EN 13830&nbsp; (julkisivuj\u00e4rjestelm\u00e4t)<\/li><li>EN 14351-1&nbsp; (ikkunat ja ovet)<\/li><li>EN 12101-2&nbsp; (Savunhallintaj\u00e4rjestelm\u00e4t)<\/li><li>EN 16034\/14351-1 (Sis\u00e4\u00e4nk\u00e4yntipalo-ovet)<\/li><\/ul>\n\n\n\n<p><strong>Certo Software \u2013 esittelyvideo<\/strong><\/p>\n\n\n\n<figure class=\"wp-block-embed is-type-video is-provider-youtube wp-block-embed-youtube wp-embed-aspect-16-9 wp-has-aspect-ratio\"><div class=\"wp-block-embed__wrapper\">\n<iframe loading=\"lazy\" title=\"Certo animation\" width=\"800\" height=\"450\" src=\"https:\/\/www.youtube.com\/embed\/rMYzKlhwAII?feature=oembed&#038;enablejsapi=1&#038;origin=https:\/\/www.metce.fi\" frameborder=\"0\" allow=\"accelerometer; autoplay; clipboard-write; encrypted-media; gyroscope; picture-in-picture; web-share\" referrerpolicy=\"strict-origin-when-cross-origin\" allowfullscreen><\/iframe>\n<\/div><\/figure>\n<\/div>\n<\/div>\n\n\n\n<h2 class=\"has-text-align-center\"><strong>Miksi yrityksesi kannattaa k\u00e4ytt\u00e4\u00e4 Certoa?<\/strong><\/h2>\n\n\n\n<div style=\"height:20px\" aria-hidden=\"true\" class=\"wp-block-spacer\"><\/div>\n\n\n\n<figure class=\"wp-block-table certotable\"><table><tbody><tr><td class=\"certotitle-arrow\">RAKENNUSTUOTEASETUKSEN PERUSVAATIMUKSET<\/td><td class=\"certotitle\">CERTO\u00ae:N RATKAISUT<\/td><\/tr><\/tbody><\/table><\/figure><figure class=\"wp-block-table certotable\"><table><tbody><tr><\/tr><tr><td class=\"certoone\">\u201dCE-merkint\u00e4 on pakollinen sellaisille Euroopan sis\u00e4markkinoilla myyt\u00e4ville tuotteille, jotka kuuluvat jonkin yhdenmukaistetun tuotestandardin soveltamisalaan\u201d\n<\/td><td class=\"certotwo\">Certolla hallitset yhdenmukaistettujen tuotestandardien EN1090-1, EN13830, EN14351-1, EN16034 ja EN12101-2 soveltamisalaan kuuluvien tuotteiden CE-merkint\u00e4prosessin\n<\/td><\/tr><tr><td class=\"certoone\">\u201dValmistajan tulee arvioida tuotteidensa suoritustaso ja suorittaa tuotannon sis\u00e4ist\u00e4 laadunvalvontaa (FPC)\u201d\n<\/td><td class=\"certotwo\">Certon avulla hallinnoit helposti yrityksesi tuotannon sis\u00e4ist\u00e4 laadunvalvontaprosessia\n<\/td><\/tr><tr><td class=\"certoone\">Asiakkaalle on annettava v\u00e4hint\u00e4\u00e4n seuraavat asiakirjat\nTuotteen suoritustasoilmoitus (DoP)\nCE-merkint\u00e4\nOhjeet ja turvallisuustiedot\u201d\n<\/td><td class=\"certotwo\">Certon avulla luot ja toimitat helposti seuraavat asiakirjat\nTuotteen suoritustasoilmoitus (DoP)\nCE-merkint\u00e4\nOhjeet ja turvallisuustiedot\n<\/td><\/tr><tr><td class=\"certoone\">\u201dTuotteelle t\u00e4ytyy antaa yksil\u00f6llinen tunniste, joka on yksiselitteinen ja joka liitt\u00e4\u00e4 toisiinsa CE-merkinn\u00e4n, suoritustasoilmoituksen ja ilmoitetun suoritustason\u201d\n<\/td><td class=\"certotwo\">Certolla luodut CE-merkinn\u00e4t, suoritustasoilmoitukset ja ilmoitetut suoritustasot yhdistyv\u00e4t automaattisesti ja yksiselitteisesti toisiinsa yksil\u00f6llisen tunnisteen avulla\n<\/td><\/tr><tr><td class=\"certoone\">\u201dAsiakirjat pit\u00e4\u00e4 s\u00e4ilytt\u00e4\u00e4 v\u00e4hint\u00e4\u00e4n kymmenen vuoden ajan\u201d (arkistointivaatimus)\n<\/td><td class=\"certotwo\">Certoon tallennetut asiakirjat tallennetaan SSL\/TSL-salatulla yhteydell\u00e4 palvelimelle ja ne varmuuskopioidaan p\u00e4ivitt\u00e4in\n<\/td><\/tr><\/tbody><\/table><\/figure>\n\n\n\n<div style=\"height:20px\" aria-hidden=\"true\" class=\"wp-block-spacer\"><\/div>\n\n\n\n<h3>PALVELUN K\u00c4YTT\u00d6 ON HELPPOA JA NOPEAA<\/h3>\n\n\n\n<p>Projektity\u00f6skentelyn aloittaminen on helppoa; tarvittaessa projektit syntyv\u00e4t manuaalisesti, mutta rajapinnat keskeisten suunnitteluohjelmien (Sch\u00fccal \/ LogiKal \/ PursoKal) nopeuttavat projektien luomista huomattavasti. Certo luo annettujen tietojen perusteella standardien vaatimat dokumentit. K\u00e4ytt\u00e4j\u00e4 voi my\u00f6s luoda yrityksen eniten valmistamista tuotteista vakiotuotteita, jolloin vaadittavien dokumenttien luonti onnistuu hetkess\u00e4.<\/p>\n\n\n\n<p>Certolla seuraat reaaliaikaisesti tuotannon ja asennuksen valmistumisvaiheita ja -astetta. Tieto suunnittelun, tuotannon ja asennuksen v\u00e4lill\u00e4 kulkee digitaalisesti ja mahdollisiin poikkeamiin reagoiminen helpottuu. Digitaaliset tarkastus- ja itselleluovutusp\u00f6yt\u00e4kirjat parantavat ja nopeuttavat laadunhallintaa sek\u00e4 helpottavat asennusvaiheiden hyv\u00e4ksytt\u00e4misi\u00e4. <\/p>\n\n\n\n<p>Certo-palveluun voi my\u00f6s helposti tallentaa my\u00f6s muuta projektiin liittyv\u00e4\u00e4 dokumentaatiota. Kaikki palvelun tuottamat tai k\u00e4ytt\u00e4j\u00e4n tallentamat dokumentit tallentuvat pilvipalveluun ja t\u00e4ytt\u00e4v\u00e4t rakennustuoteasetuksen arkistointivaatimukset.<\/p>\n\n\n\n<p><strong>Certon k\u00e4ytt\u00f6\u00f6notto ja implementointi yrityksen toimintaa vie vain muutaman tunnin!<\/strong> <\/p>\n\n\n\n<p>Lis\u00e4tietoa Certo Softwaren muista kiinnostavista ominaisuuksista: <a href=\"http:\/\/www.certo.fi\/\">www.certo.fi<\/a>.<\/p>\n\n\n\n<div style=\"height:20px\" aria-hidden=\"true\" class=\"wp-block-spacer\"><\/div>\n\n\n\n<h3>PALVELUN YLL\u00c4PITO JA KEHITYS<\/h3>\n\n\n\n<p>Ohjelman kehitt\u00e4j\u00e4t ovat rakennusalan kokeneita ammattilaisia. K\u00e4ytt\u00e4j\u00e4n ei tarvitse huolehtia rakennustuoteasetuksen ja standardien oikeasta tulkinnasta eik\u00e4 mahdollisista tulevista muutoksista.<\/p>\n\n\n\n<p>Ohjelman yll\u00e4pit\u00e4j\u00e4t ovat l\u00e4heisess\u00e4 yhteisty\u00f6ss\u00e4 metallialan viranomaisten ja j\u00e4rjest\u00f6jen kanssa. Tulevat lis\u00e4ominaisuudet ja muutokset p\u00e4ivittyv\u00e4t ohjelman pilvipalvelun ansiosta kaikille asiakkaille automaattisesti ja yht\u00e4aikaisesti. Luonnollisesti my\u00f6s informoimme tulevista muutoksista asiakkaitamme.<\/p>\n\n\n\n<div style=\"height:20px\" aria-hidden=\"true\" class=\"wp-block-spacer\"><\/div>\n\n\n\n<h2>Ota yhteytt\u00e4 ja pyyd\u00e4 ilmainen Certo-esittely!<\/h2>\n\n\n<div class=\"wpforms-container wpforms-container-full wpforms-block\" id=\"wpforms-1431\"><form id=\"wpforms-form-1431\" class=\"wpforms-validate wpforms-form\" data-formid=\"1431\" method=\"post\" enctype=\"multipart\/form-data\" action=\"\/index.php?rest_route=%2Fwp%2Fv2%2Fpages%2F1442\" data-token=\"416ad56d67847d5d92668570e611cdce\" data-token-time=\"1776296117\"><noscript class=\"wpforms-error-noscript\">Please enable JavaScript in your browser to complete this form.<\/noscript><div class=\"wpforms-field-container\"><div id=\"wpforms-1431-field_1-container\" class=\"wpforms-field wpforms-field-name\" data-field-id=\"1\"><label class=\"wpforms-field-label\" for=\"wpforms-1431-field_1\">Nimi <span class=\"wpforms-required-label\">*<\/span><\/label><input type=\"text\" id=\"wpforms-1431-field_1\" class=\"wpforms-field-medium wpforms-field-required\" name=\"wpforms[fields][1]\" required><\/div><div id=\"wpforms-1431-field_0-container\" class=\"wpforms-field wpforms-field-email\" data-field-id=\"0\"><label class=\"wpforms-field-label\" for=\"wpforms-1431-field_0\">S\u00e4hk\u00f6posti <span class=\"wpforms-required-label\">*<\/span><\/label><input type=\"email\" id=\"wpforms-1431-field_0\" class=\"wpforms-field-medium wpforms-field-required\" name=\"wpforms[fields][0]\" spellcheck=\"false\" required><\/div><div id=\"wpforms-1431-field_3-container\" class=\"wpforms-field wpforms-field-number\" data-field-id=\"3\"><label class=\"wpforms-field-label\" for=\"wpforms-1431-field_3\">Puhelinnumero<\/label><input type=\"number\" id=\"wpforms-1431-field_3\" class=\"wpforms-field-medium\" name=\"wpforms[fields][3]\" step=\"any\" ><\/div><div id=\"wpforms-1431-field_4-container\" class=\"wpforms-field wpforms-field-textarea\" data-field-id=\"4\"><label class=\"wpforms-field-label\" for=\"wpforms-1431-field_4\">Viesti<\/label><textarea id=\"wpforms-1431-field_4\" class=\"wpforms-field-medium\" name=\"wpforms[fields][4]\" ><\/textarea><\/div><div id=\"wpforms-1431-field_2-container\" class=\"wpforms-field wpforms-field-gdpr-checkbox\" data-field-id=\"2\"><label class=\"wpforms-field-label\">GDPR-Hyv\u00e4ksynt\u00e4 <span class=\"wpforms-required-label\">*<\/span><\/label><ul id=\"wpforms-1431-field_2\" class=\"wpforms-field-required\"><li class=\"choice-1\"><input type=\"checkbox\" id=\"wpforms-1431-field_2_1\" name=\"wpforms[fields][2][]\" value=\"Hyv\u00e4ksyn, ett\u00e4 t\u00e4m\u00e4 verkkosivu tallentaa tietoni jotta he pystyv\u00e4t vastaamaan yhteydenottooni.\" required ><label class=\"wpforms-field-label-inline\" for=\"wpforms-1431-field_2_1\">Hyv\u00e4ksyn, ett\u00e4 t\u00e4m\u00e4 verkkosivu tallentaa tietoni jotta he pystyv\u00e4t vastaamaan yhteydenottooni.<\/label><\/li><\/ul><\/div><\/div><!-- .wpforms-field-container --><div class=\"wpforms-recaptcha-container wpforms-is-recaptcha wpforms-is-recaptcha-type-v2\" ><div class=\"g-recaptcha\" data-sitekey=\"6LcqZMAZAAAAADIAXo4fXT9A31p3jJ0kAAZgnJ5F\"><\/div><input type=\"text\" name=\"g-recaptcha-hidden\" class=\"wpforms-recaptcha-hidden\" style=\"position:absolute!important;clip:rect(0,0,0,0)!important;height:1px!important;width:1px!important;border:0!important;overflow:hidden!important;padding:0!important;margin:0!important;\" data-rule-recaptcha=\"1\"><\/div><div class=\"wpforms-submit-container\" ><input type=\"hidden\" name=\"wpforms[id]\" value=\"1431\"><input type=\"hidden\" name=\"page_title\" value=\"\"><input type=\"hidden\" name=\"page_url\" value=\"https:\/\/www.metce.fi\/index.php?rest_route=\/wp\/v2\/pages\/1442\"><input type=\"hidden\" name=\"url_referer\" value=\"\"><button type=\"submit\" name=\"wpforms[submit]\" id=\"wpforms-submit-1431\" class=\"wpforms-submit\" data-alt-text=\"L\u00e4hetet\u00e4\u00e4n...\" data-submit-text=\"L\u00e4het\u00e4\" aria-live=\"assertive\" value=\"wpforms-submit\">L\u00e4het\u00e4<\/button><\/div><\/form><\/div>  <!-- .wpforms-container -->\n\n\n<div class=\"wp-container-2 wp-block-buttons\">\n<div class=\"wp-block-button\"><a class=\"wp-block-button__link has-white-color has-text-color has-background no-border-radius\" href=\"https:\/\/www.certo.fi\/\" style=\"background-color:#2d97bf\" target=\"_blank\" rel=\"noreferrer noopener\">Certo Login<\/a><\/div>\n<\/div>\n\n\n\n<p><\/p>\n","protected":false},"excerpt":{"rendered":"<p>Certo on nettiselaimella k\u00e4ytett\u00e4v\u00e4 palvelu, joka automatisoi rakennustuotteiden CE-merkinn\u00e4n.<\/p>\n","protected":false},"author":4,"featured_media":0,"parent":0,"menu_order":0,"comment_status":"closed","ping_status":"closed","template":"","meta":{"spay_email":""},"_links":{"self":[{"href":"https:\/\/www.metce.fi\/index.php?rest_route=\/wp\/v2\/pages\/1442"}],"collection":[{"href":"https:\/\/www.metce.fi\/index.php?rest_route=\/wp\/v2\/pages"}],"about":[{"href":"https:\/\/www.metce.fi\/index.php?rest_route=\/wp\/v2\/types\/page"}],"author":[{"embeddable":true,"href":"https:\/\/www.metce.fi\/index.php?rest_route=\/wp\/v2\/users\/4"}],"replies":[{"embeddable":true,"href":"https:\/\/www.metce.fi\/index.php?rest_route=%2Fwp%2Fv2%2Fcomments&post=1442"}],"version-history":[{"count":81,"href":"https:\/\/www.metce.fi\/index.php?rest_route=\/wp\/v2\/pages\/1442\/revisions"}],"predecessor-version":[{"id":2020,"href":"https:\/\/www.metce.fi\/index.php?rest_route=\/wp\/v2\/pages\/1442\/revisions\/2020"}],"wp:attachment":[{"href":"https:\/\/www.metce.fi\/index.php?rest_route=%2Fwp%2Fv2%2Fmedia&parent=1442"}],"curies":[{"name":"wp","href":"https:\/\/api.w.org\/{rel}","templated":true}]}}