{"id":1447,"date":"2020-08-18T07:46:32","date_gmt":"2020-08-18T07:46:32","guid":{"rendered":"http:\/\/35.228.116.243\/?page_id=1447"},"modified":"2020-08-24T12:02:16","modified_gmt":"2020-08-24T09:02:16","slug":"fpc","status":"publish","type":"page","link":"https:\/\/www.metce.fi\/?page_id=1447","title":{"rendered":"Tehtaan Sis\u00e4inen Laadunvalvonta (FPC)"},"content":{"rendered":"\n<h1>FPC &#8211; Tehtaan Sis\u00e4inen Laadunvalvonta<\/h1>\n\n\n\n<div style=\"height:30px\" aria-hidden=\"true\" class=\"wp-block-spacer\"><\/div>\n\n\n\n<div class=\"wp-block-columns\">\n<div class=\"wp-block-column\">\n<h4>TUOTANTOPROSESSI<\/h4>\n\n\n\n<p>Osana sis\u00e4ist\u00e4 laadunvalvontaa valmistajan tulee arvioida tuotteidensa suoritustaso ja suorittaa tuotannon sis\u00e4ist\u00e4 laadunvalvontaa (FPC). Arvioinnin tulosten ja laadunvalvonnan&nbsp; avulla valmistaja voi varmistaa, ett\u00e4 suoritustaso pysyy ajan kuluessa samana. T\u00e4st\u00e4 k\u00e4ytet\u00e4\u00e4n oikeudellista termi\u00e4 \u201d<em>suoritustason pysyvyyden arviointi ja varmennus<\/em>\u201d (AVCP).<\/p>\n<\/div>\n<\/div>\n\n\n\n<h4>TEHTAAN SIS\u00c4INEN LAADUNVALVONTA<\/h4>\n\n\n\n<p>Rakennustuoteasetuksen liitteess\u00e4 V m\u00e4\u00e4r\u00e4t\u00e4\u00e4n valmistaja j\u00e4rjest\u00e4m\u00e4\u00e4n tuotannon sis\u00e4inen laadunvalvonta. FPC:n avulla valmistaja varmistaa, ett\u00e4 valmistettavista tuotteista tulee vaatimusten mukaisia ja niiden j\u00e4ljitett\u00e4vyys s\u00e4ilyy.<\/p>\n\n\n\n<p>Joissakin AVCP-j\u00e4rjestelmiss\u00e4 saatetaan edellytt\u00e4\u00e4 ulkopuolisen tahon (<em>ilmoitettu laitos<\/em>) lis\u00e4teht\u00e4vi\u00e4. Voit tarkistaa alla olevasta taulukosta teht\u00e4v\u00e4t, jotka tulee AVCP-j\u00e4rjestelm\u00e4st\u00e4 riippuen suorittaa joko valmistajan tai ilmoitetun laitoksen toimesta.<\/p>\n\n\n\n<div style=\"height:30px\" aria-hidden=\"true\" class=\"wp-block-spacer\"><\/div>\n\n\n\n<figure class=\"wp-block-table fpctable is-style-regular\"><table><thead class=\"avcp-head\"><tr><th>AVCP-j\u00e4rjestelm\u00e4<\/th><th class=\"has-text-align-center\" data-align=\"center\">&nbsp;1+<\/th><th class=\"has-text-align-center\" data-align=\"center\">&nbsp;1&nbsp;<\/th><th class=\"has-text-align-center\" data-align=\"center\">&nbsp;2+<\/th><th class=\"has-text-align-center\" data-align=\"center\">&nbsp;3&nbsp;<\/th><th class=\"has-text-align-center\" data-align=\"center\">&nbsp;4&nbsp;<\/th><\/tr><\/thead><tbody><tr><td>Tuotannon sis\u00e4inen laadunvalvonta (FPC)<\/td><td class=\"has-text-align-center\" data-align=\"center\"><img loading=\"lazy\" width=\"25\" height=\"25\" class=\"wp-image-1722\" style=\"width: 25px;\" src=\"http:\/\/35.228.116.243\/wp-content\/uploads\/2020\/08\/factoryicon-1.png\" alt=\"\"><\/td><td class=\"has-text-align-center\" data-align=\"center\"><img loading=\"lazy\" width=\"25\" height=\"25\" class=\"wp-image-1722\" style=\"width: 25px;\" src=\"http:\/\/35.228.116.243\/wp-content\/uploads\/2020\/08\/factoryicon-1.png\" alt=\"\"><\/td><td class=\"has-text-align-center\" data-align=\"center\"><img loading=\"lazy\" width=\"25\" height=\"25\" class=\"wp-image-1722\" style=\"width: 25px;\" src=\"http:\/\/35.228.116.243\/wp-content\/uploads\/2020\/08\/factoryicon-1.png\" alt=\"\"><\/td><td class=\"has-text-align-center\" data-align=\"center\"><img loading=\"lazy\" width=\"25\" height=\"25\" class=\"wp-image-1722\" style=\"width: 25px;\" src=\"http:\/\/35.228.116.243\/wp-content\/uploads\/2020\/08\/factoryicon-1.png\" alt=\"\"><\/td><td class=\"has-text-align-center\" data-align=\"center\"><img loading=\"lazy\" width=\"25\" height=\"25\" class=\"wp-image-1722\" style=\"width: 25px;\" src=\"http:\/\/35.228.116.243\/wp-content\/uploads\/2020\/08\/factoryicon-1.png\" alt=\"\"><\/td><\/tr><tr><td>Valmistajan ottamien n\u00e4ytteiden lis\u00e4testaus<\/td><td class=\"has-text-align-center\" data-align=\"center\"><img loading=\"lazy\" width=\"25\" height=\"25\" class=\"wp-image-1722\" style=\"width: 25px;\" src=\"http:\/\/35.228.116.243\/wp-content\/uploads\/2020\/08\/factoryicon-1.png\" alt=\"\"><\/td><td class=\"has-text-align-center\" data-align=\"center\"><img loading=\"lazy\" width=\"25\" height=\"25\" class=\"wp-image-1722\" style=\"width: 25px;\" src=\"http:\/\/35.228.116.243\/wp-content\/uploads\/2020\/08\/factoryicon-1.png\" alt=\"\"><\/td><td class=\"has-text-align-center\" data-align=\"center\"><img loading=\"lazy\" width=\"25\" height=\"25\" class=\"wp-image-1722\" style=\"width: 25px;\" src=\"http:\/\/35.228.116.243\/wp-content\/uploads\/2020\/08\/factoryicon-1.png\" alt=\"\"><\/td><td class=\"has-text-align-center\" data-align=\"center\"><\/td><td class=\"has-text-align-center\" data-align=\"center\"><\/td><\/tr><tr><td>Suoritustason arviointi<\/td><td class=\"has-text-align-center\" data-align=\"center\"><img loading=\"lazy\" width=\"25\" height=\"25\" class=\"wp-image-1724\" style=\"width: 25px;\" src=\"http:\/\/35.228.116.243\/wp-content\/uploads\/2020\/08\/67664.png\" alt=\"\"><\/td><td class=\"has-text-align-center\" data-align=\"center\"><img loading=\"lazy\" width=\"25\" height=\"25\" class=\"wp-image-1724\" style=\"width: 25px;\" src=\"http:\/\/35.228.116.243\/wp-content\/uploads\/2020\/08\/67664.png\" alt=\"\"><\/td><td class=\"has-text-align-center\" data-align=\"center\"><img loading=\"lazy\" width=\"25\" height=\"25\" class=\"wp-image-1722\" style=\"width: 25px;\" src=\"http:\/\/35.228.116.243\/wp-content\/uploads\/2020\/08\/factoryicon-1.png\" alt=\"\"><\/td><td class=\"has-text-align-center\" data-align=\"center\"><img loading=\"lazy\" width=\"25\" height=\"25\" class=\"wp-image-1724\" style=\"width: 25px;\" src=\"http:\/\/35.228.116.243\/wp-content\/uploads\/2020\/08\/67664.png\" alt=\"\"><\/td><td class=\"has-text-align-center\" data-align=\"center\"><img loading=\"lazy\" width=\"25\" height=\"25\" class=\"wp-image-1722\" style=\"width: 25px;\" src=\"http:\/\/35.228.116.243\/wp-content\/uploads\/2020\/08\/factoryicon-1.png\" alt=\"\"><\/td><\/tr><tr><td>Alkutarkastus (Tuotantolaitos ja FPC)<\/td><td class=\"has-text-align-center\" data-align=\"center\"><img loading=\"lazy\" width=\"25\" height=\"25\" class=\"wp-image-1724\" style=\"width: 25px;\" src=\"http:\/\/35.228.116.243\/wp-content\/uploads\/2020\/08\/67664.png\" alt=\"\"><\/td><td class=\"has-text-align-center\" data-align=\"center\"><img loading=\"lazy\" width=\"25\" height=\"25\" class=\"wp-image-1724\" style=\"width: 25px;\" src=\"http:\/\/35.228.116.243\/wp-content\/uploads\/2020\/08\/67664.png\" alt=\"\"><\/td><td class=\"has-text-align-center\" data-align=\"center\"><img loading=\"lazy\" width=\"25\" height=\"25\" class=\"wp-image-1724\" style=\"width: 25px;\" src=\"http:\/\/35.228.116.243\/wp-content\/uploads\/2020\/08\/67664.png\" alt=\"\"><\/td><td class=\"has-text-align-center\" data-align=\"center\"><\/td><td class=\"has-text-align-center\" data-align=\"center\"><\/td><\/tr><tr><td>FPC:n jatkuva tarkkailu ja arviointi<\/td><td class=\"has-text-align-center\" data-align=\"center\"><img loading=\"lazy\" width=\"25\" height=\"25\" class=\"wp-image-1724\" style=\"width: 25px;\" src=\"http:\/\/35.228.116.243\/wp-content\/uploads\/2020\/08\/67664.png\" alt=\"\"><\/td><td class=\"has-text-align-center\" data-align=\"center\"><img loading=\"lazy\" width=\"25\" height=\"25\" class=\"wp-image-1724\" style=\"width: 25px;\" src=\"http:\/\/35.228.116.243\/wp-content\/uploads\/2020\/08\/67664.png\" alt=\"\"><\/td><td class=\"has-text-align-center\" data-align=\"center\"><img loading=\"lazy\" width=\"25\" height=\"25\" class=\"wp-image-1724\" style=\"width: 25px;\" src=\"http:\/\/35.228.116.243\/wp-content\/uploads\/2020\/08\/67664.png\" alt=\"\"><\/td><td class=\"has-text-align-center\" data-align=\"center\"><\/td><td class=\"has-text-align-center\" data-align=\"center\"><\/td><\/tr><tr><td>Tarkastus &#8211; ilmoitetun laitoksen ottamien<br>n\u00e4ytteiden testaus<\/td><td class=\"has-text-align-center\" data-align=\"center\"><img loading=\"lazy\" width=\"25\" height=\"25\" class=\"wp-image-1724\" style=\"width: 25px;\" src=\"http:\/\/35.228.116.243\/wp-content\/uploads\/2020\/08\/67664.png\" alt=\"\"><\/td><td class=\"has-text-align-center\" data-align=\"center\"><\/td><td class=\"has-text-align-center\" data-align=\"center\"><\/td><td class=\"has-text-align-center\" data-align=\"center\"><\/td><td class=\"has-text-align-center\" data-align=\"center\"><\/td><\/tr><\/tbody><\/table><figcaption><img loading=\"lazy\" width=\"25\" height=\"25\" class=\"wp-image-1722\" style=\"width: 25px;\" src=\"http:\/\/35.228.116.243\/wp-content\/uploads\/2020\/08\/factoryicon-1.png\" alt=\"\"> = Valmistaja<br><img loading=\"lazy\" width=\"25\" height=\"25\" class=\"wp-image-1724\" style=\"width: 25px;\" src=\"http:\/\/35.228.116.243\/wp-content\/uploads\/2020\/08\/67664.png\" alt=\"\"> = Ilmoitettu Laitos<\/figcaption><\/figure>\n\n\n\n<div style=\"height:50px\" aria-hidden=\"true\" class=\"wp-block-spacer\"><\/div>\n\n\n\n<div class=\"wp-container-1 wp-block-group fpcsalebox\"><div class=\"wp-block-group__inner-container\">\n<h2>FPC-J\u00c4RJESTELM\u00c4 METCEN TOIMESTA<\/h2>\n\n\n\n<p>Yrityksell\u00e4mme on kokemusta kymmenien FPC-j\u00e4rjestelmien luomisesta ja k\u00e4ytt\u00f6\u00f6notosta. Asiakkaamme ovat arvostaneet ammattitaitoamme ja j\u00e4rjestelm\u00e4n vaivatonta k\u00e4ytt\u00f6\u00f6nottoa.<\/p>\n\n\n\n<p>Olemme my\u00f6s teid\u00e4n k\u00e4ytett\u00e4viss\u00e4nne FPC:hen liittyviss\u00e4 asioissa. Ota yhteytt\u00e4 ja s\u00e4\u00e4st\u00e4 arvokasta ty\u00f6aikaasi!<\/p>\n<\/div><\/div>\n\n\n\n<div style=\"height:30px\" aria-hidden=\"true\" class=\"wp-block-spacer\"><\/div>\n\n\n\n<h2>Ota yhteytt\u00e4 ja pyyd\u00e4 ilmainen esittely<\/h2>\n\n\n<div class=\"wpforms-container wpforms-container-full wpforms-block\" id=\"wpforms-1431\"><form id=\"wpforms-form-1431\" class=\"wpforms-validate wpforms-form\" data-formid=\"1431\" method=\"post\" enctype=\"multipart\/form-data\" action=\"\/index.php?rest_route=%2Fwp%2Fv2%2Fpages%2F1447\" data-token=\"416ad56d67847d5d92668570e611cdce\" data-token-time=\"1776291306\"><noscript class=\"wpforms-error-noscript\">Please enable JavaScript in your browser to complete this form.<\/noscript><div class=\"wpforms-field-container\"><div id=\"wpforms-1431-field_1-container\" class=\"wpforms-field wpforms-field-name\" data-field-id=\"1\"><label class=\"wpforms-field-label\" for=\"wpforms-1431-field_1\">Nimi <span class=\"wpforms-required-label\">*<\/span><\/label><input type=\"text\" id=\"wpforms-1431-field_1\" class=\"wpforms-field-medium wpforms-field-required\" name=\"wpforms[fields][1]\" required><\/div><div id=\"wpforms-1431-field_0-container\" class=\"wpforms-field wpforms-field-email\" data-field-id=\"0\"><label class=\"wpforms-field-label\" for=\"wpforms-1431-field_0\">S\u00e4hk\u00f6posti <span class=\"wpforms-required-label\">*<\/span><\/label><input type=\"email\" id=\"wpforms-1431-field_0\" class=\"wpforms-field-medium wpforms-field-required\" name=\"wpforms[fields][0]\" spellcheck=\"false\" required><\/div><div id=\"wpforms-1431-field_3-container\" class=\"wpforms-field wpforms-field-number\" data-field-id=\"3\"><label class=\"wpforms-field-label\" for=\"wpforms-1431-field_3\">Puhelinnumero<\/label><input type=\"number\" id=\"wpforms-1431-field_3\" class=\"wpforms-field-medium\" name=\"wpforms[fields][3]\" step=\"any\" ><\/div><div id=\"wpforms-1431-field_4-container\" class=\"wpforms-field wpforms-field-textarea\" data-field-id=\"4\"><label class=\"wpforms-field-label\" for=\"wpforms-1431-field_4\">Viesti<\/label><textarea id=\"wpforms-1431-field_4\" class=\"wpforms-field-medium\" name=\"wpforms[fields][4]\" ><\/textarea><\/div><div id=\"wpforms-1431-field_2-container\" class=\"wpforms-field wpforms-field-gdpr-checkbox\" data-field-id=\"2\"><label class=\"wpforms-field-label\">GDPR-Hyv\u00e4ksynt\u00e4 <span class=\"wpforms-required-label\">*<\/span><\/label><ul id=\"wpforms-1431-field_2\" class=\"wpforms-field-required\"><li class=\"choice-1\"><input type=\"checkbox\" id=\"wpforms-1431-field_2_1\" name=\"wpforms[fields][2][]\" value=\"Hyv\u00e4ksyn, ett\u00e4 t\u00e4m\u00e4 verkkosivu tallentaa tietoni jotta he pystyv\u00e4t vastaamaan yhteydenottooni.\" required ><label class=\"wpforms-field-label-inline\" for=\"wpforms-1431-field_2_1\">Hyv\u00e4ksyn, ett\u00e4 t\u00e4m\u00e4 verkkosivu tallentaa tietoni jotta he pystyv\u00e4t vastaamaan yhteydenottooni.<\/label><\/li><\/ul><\/div><\/div><!-- .wpforms-field-container --><div class=\"wpforms-recaptcha-container wpforms-is-recaptcha wpforms-is-recaptcha-type-v2\" ><div class=\"g-recaptcha\" data-sitekey=\"6LcqZMAZAAAAADIAXo4fXT9A31p3jJ0kAAZgnJ5F\"><\/div><input type=\"text\" name=\"g-recaptcha-hidden\" class=\"wpforms-recaptcha-hidden\" style=\"position:absolute!important;clip:rect(0,0,0,0)!important;height:1px!important;width:1px!important;border:0!important;overflow:hidden!important;padding:0!important;margin:0!important;\" data-rule-recaptcha=\"1\"><\/div><div class=\"wpforms-submit-container\" ><input type=\"hidden\" name=\"wpforms[id]\" value=\"1431\"><input type=\"hidden\" name=\"page_title\" value=\"\"><input type=\"hidden\" name=\"page_url\" value=\"https:\/\/www.metce.fi\/index.php?rest_route=\/wp\/v2\/pages\/1447\"><input type=\"hidden\" name=\"url_referer\" value=\"\"><button type=\"submit\" name=\"wpforms[submit]\" id=\"wpforms-submit-1431\" class=\"wpforms-submit\" data-alt-text=\"L\u00e4hetet\u00e4\u00e4n...\" data-submit-text=\"L\u00e4het\u00e4\" aria-live=\"assertive\" value=\"wpforms-submit\">L\u00e4het\u00e4<\/button><\/div><\/form><\/div>  <!-- .wpforms-container -->","protected":false},"excerpt":{"rendered":"<p>FPC:n tarkoituksena on varmistaa, ett\u00e4 yrityksen tuotannosta tulee vaatimusten mukaisia tuotteita ja niiden j\u00e4ljitett\u00e4vyys s\u00e4ilyy.<\/p>\n","protected":false},"author":4,"featured_media":0,"parent":0,"menu_order":0,"comment_status":"closed","ping_status":"closed","template":"","meta":{"spay_email":""},"_links":{"self":[{"href":"https:\/\/www.metce.fi\/index.php?rest_route=\/wp\/v2\/pages\/1447"}],"collection":[{"href":"https:\/\/www.metce.fi\/index.php?rest_route=\/wp\/v2\/pages"}],"about":[{"href":"https:\/\/www.metce.fi\/index.php?rest_route=\/wp\/v2\/types\/page"}],"author":[{"embeddable":true,"href":"https:\/\/www.metce.fi\/index.php?rest_route=\/wp\/v2\/users\/4"}],"replies":[{"embeddable":true,"href":"https:\/\/www.metce.fi\/index.php?rest_route=%2Fwp%2Fv2%2Fcomments&post=1447"}],"version-history":[{"count":31,"href":"https:\/\/www.metce.fi\/index.php?rest_route=\/wp\/v2\/pages\/1447\/revisions"}],"predecessor-version":[{"id":1847,"href":"https:\/\/www.metce.fi\/index.php?rest_route=\/wp\/v2\/pages\/1447\/revisions\/1847"}],"wp:attachment":[{"href":"https:\/\/www.metce.fi\/index.php?rest_route=%2Fwp%2Fv2%2Fmedia&parent=1447"}],"curies":[{"name":"wp","href":"https:\/\/api.w.org\/{rel}","templated":true}]}}