{"id":1501,"date":"2020-08-18T13:25:21","date_gmt":"2020-08-18T10:25:21","guid":{"rendered":"http:\/\/35.228.116.243\/?page_id=1501"},"modified":"2023-02-07T16:58:19","modified_gmt":"2023-02-07T14:58:19","slug":"asiakkaamme","status":"publish","type":"page","link":"https:\/\/www.metce.fi\/?page_id=1501","title":{"rendered":"Asiakkaamme"},"content":{"rendered":"\n<h1 class=\"has-text-align-center\">T\u00e4t\u00e4 mielt\u00e4 ovat asiakkaamme<\/h1>\n\n\n\n<div style=\"height:30px\" aria-hidden=\"true\" class=\"wp-block-spacer\"><\/div>\n\n\n\n<div class=\"wp-container-2 wp-block-group\"><div class=\"wp-block-group__inner-container\">\n<div class=\"wp-container-1 wp-block-group\"><div class=\"wp-block-group__inner-container\">\n<p><em>&#8221;<em>Laadunhallinta helpottunut huomattavasti, kun siirryimme paperisista tarkastuslomakkeista Certon selaimessa toimivaan palveluun. Mahdollisten tuotevirheiden j\u00e4ljitett\u00e4vyys on selke\u00e4sti parantunut. Kohteiden luovutus on helpottunut, kun suoritustasoilmoitukset, CE-merkit ja tuotepassit saadaan ker\u00e4tty\u00e4 nopeasti kasaan. Ohjelmaan saadaan my\u00f6s helposti tallennettua ty\u00f6maalla kuvia tai videoita asennetusta tuotteesta, jolloin mahdollisten reklamaatioiden varalta meill\u00e4 on esitt\u00e4\u00e4 virheet\u00f6n tuote asennettuna.&#8221;\u00a0<\/em><br>OTTO KIURU, TER\u00c4SELEMENTTI<\/em><\/p>\n\n\n\n<p><em>&#8221;Olemme saaneet apua dokumenttien arkistointiin sek\u00e4 ihan ykk\u00f6sen\u00e4 Ce-merkkien ja Doppien luomiseen<em>. My\u00f6s yhteysty\u00f6 MetCen kanssa on ollut mutkatonta sen kerran kun on neuvoja kyselty.&#8221;\u00a0<\/em><br>MARI \u00c4N\u00c4KK\u00c4L\u00c4, \u00c4N\u00c4KK\u00c4L\u00c4N TER\u00c4S OY<\/em><\/p>\n\n\n\n<p><em>&#8221;Suurin apu on ollut se, ett\u00e4 ollaan pystytty tuotantoa seuraamaan ja tarkistamaan my\u00f6s menneit\u00e4 projekteja tuotantovaihe kerrallaan<\/em>. <em>Mielest\u00e4ni yksi parhaimmista ty\u00f6kaluista on ollut se, ett\u00e4 CE-merkit ja pohjakuvat yms. pystyy laittamaan suoraan ohjelmaan. Pohjakuvia ei tarvitse en\u00e4\u00e4 l\u00e4hett\u00e4\u00e4 asentajille erikseen mukaan, koska pohjakuvat on selke\u00e4sti esill\u00e4 ja helposti saatavilla.<\/em> <em>Suosittelemme ehdottomasti ohjelmaa my\u00f6s muille!<\/em>&#8221; <em>ARTHUR ISIQUE, AVEKMET OY<\/em><\/p>\n\n\n\n<p><em>&#8221;Suoritustaso.fi on helppo ja k\u00e4tev\u00e4 paikka julkaista Certolla tehdyt suoritustasoilmoitukset&#8221;<br>MIRELLA POKKA, V-K TER\u00c4SRAKENNE<\/em> OY<\/p>\n\n\n\n<p><em>&#8221;<em>Tarkastuslomakkeiden muokattavuus antaa mahdollisuuden laajentaa laadunhallinnan dokumentaatiota alumiinij\u00e4rjestelmien ulkopuolelle my\u00f6s muihin tuotteisiin. Laadunhallinnan dokumentointi saadaan toteutettua kollektiivisesti yhteen paikkaan. Selainpohjan ansiosta kaikki dokumentaatio on helposti saatavilla kaikissa olosuhteissa koko tuottavalla organisaatiolla (projektin johto, suunnittelu, tuotanto, asennus). L\u00e4ht\u00f6tietojen sy\u00f6tt\u00e4misen ja tarkistusten kuittausten j\u00e4lkeen tarvittavat laadunhallinnan dokumentit saadaan generoitua usein yhdell\u00e4 napin painalluksella. Certoa p\u00e4ivitet\u00e4\u00e4n aktiivisesti asiakkaiden toiveiden mukaan ja t\u00e4h\u00e4n menness\u00e4 jokainen p\u00e4ivitys on vienyt ohjelman toiminnallisuutta k\u00e4ytt\u00e4j\u00e4\u00e4 helpottavaan suuntaan.<\/em><\/em>&#8221; <em><em>OTTO KIURU, TER\u00c4SELEMENTTI<\/em><\/em><\/p>\n\n\n\n<p><\/p>\n<\/div><\/div>\n<\/div><\/div>\n\n\n\n<div class=\"wp-container-3 wp-block-group\"><div class=\"wp-block-group__inner-container\"><\/div><\/div>\n\n\n\n<div style=\"height:31px\" aria-hidden=\"true\" class=\"wp-block-spacer\"><\/div>\n\n\n\n<h1 class=\"has-text-align-center\">Asiakkaitamme<\/h1>\n\n\n\n<p><\/p>\n\n\n\n<div class=\"wp-container-4 wp-block-group\"><div class=\"wp-block-group__inner-container\">\n<figure class=\"wp-block-gallery aligncenter has-nested-images columns-default\">\n<figure class=\"wp-block-image size-full\"><img loading=\"lazy\" width=\"246\" height=\"57\" src=\"https:\/\/www.metce.fi\/wp-content\/uploads\/2023\/02\/Anakkala.jpg\" alt=\"\" class=\"wp-image-1897\"\/><\/figure>\n\n\n\n<figure class=\"wp-block-image size-full\"><img loading=\"lazy\" width=\"472\" height=\"107\" src=\"https:\/\/www.metce.fi\/wp-content\/uploads\/2023\/02\/Alfacom-1.png\" alt=\"\" class=\"wp-image-1903\" srcset=\"https:\/\/www.metce.fi\/wp-content\/uploads\/2023\/02\/Alfacom-1.png 472w, https:\/\/www.metce.fi\/wp-content\/uploads\/2023\/02\/Alfacom-1-300x68.png 300w\" sizes=\"(max-width: 472px) 100vw, 472px\" \/><\/figure>\n\n\n\n<figure class=\"wp-block-image size-large\"><img loading=\"lazy\" width=\"1024\" height=\"278\" src=\"https:\/\/www.metce.fi\/wp-content\/uploads\/2023\/02\/Aritea-uusilogo-1024x278.png\" alt=\"\" class=\"wp-image-1895\" srcset=\"https:\/\/www.metce.fi\/wp-content\/uploads\/2023\/02\/Aritea-uusilogo-1024x278.png 1024w, https:\/\/www.metce.fi\/wp-content\/uploads\/2023\/02\/Aritea-uusilogo-300x82.png 300w, https:\/\/www.metce.fi\/wp-content\/uploads\/2023\/02\/Aritea-uusilogo-768x209.png 768w, https:\/\/www.metce.fi\/wp-content\/uploads\/2023\/02\/Aritea-uusilogo.png 1442w\" sizes=\"(max-width: 1024px) 100vw, 1024px\" \/><\/figure>\n\n\n\n<figure class=\"wp-block-image size-full\"><img loading=\"lazy\" width=\"336\" height=\"67\" src=\"https:\/\/www.metce.fi\/wp-content\/uploads\/2023\/02\/Joen-Profiili.jpg\" alt=\"\" class=\"wp-image-1905\" srcset=\"https:\/\/www.metce.fi\/wp-content\/uploads\/2023\/02\/Joen-Profiili.jpg 336w, https:\/\/www.metce.fi\/wp-content\/uploads\/2023\/02\/Joen-Profiili-300x60.jpg 300w\" sizes=\"(max-width: 336px) 100vw, 336px\" \/><\/figure>\n\n\n\n<figure class=\"wp-block-image size-full\"><img loading=\"lazy\" width=\"334\" height=\"105\" src=\"http:\/\/35.228.116.243\/wp-content\/uploads\/2020\/08\/lasikalle.png\" alt=\"\" class=\"wp-image-1508\" srcset=\"https:\/\/www.metce.fi\/wp-content\/uploads\/2020\/08\/lasikalle.png 334w, https:\/\/www.metce.fi\/wp-content\/uploads\/2020\/08\/lasikalle-300x94.png 300w\" sizes=\"(max-width: 334px) 100vw, 334px\" \/><\/figure>\n\n\n\n<figure class=\"wp-block-image size-full\"><img loading=\"lazy\" width=\"393\" height=\"105\" src=\"https:\/\/www.metce.fi\/wp-content\/uploads\/2023\/02\/avekmet_logo_500px.png\" alt=\"\" class=\"wp-image-1907\" srcset=\"https:\/\/www.metce.fi\/wp-content\/uploads\/2023\/02\/avekmet_logo_500px.png 393w, https:\/\/www.metce.fi\/wp-content\/uploads\/2023\/02\/avekmet_logo_500px-300x80.png 300w\" sizes=\"(max-width: 393px) 100vw, 393px\" \/><\/figure>\n\n\n\n<figure class=\"wp-block-image size-full\"><img loading=\"lazy\" width=\"300\" height=\"127\" src=\"https:\/\/www.metce.fi\/wp-content\/uploads\/2023\/02\/corrotech_2015-logo-mobiili-300px-retina.jpg\" alt=\"\" class=\"wp-image-1909\"\/><\/figure>\n\n\n\n<figure class=\"wp-block-image size-full\"><img loading=\"lazy\" width=\"700\" height=\"431\" src=\"https:\/\/www.metce.fi\/wp-content\/uploads\/2023\/02\/Ikme-logo-1.png\" alt=\"\" class=\"wp-image-1911\" srcset=\"https:\/\/www.metce.fi\/wp-content\/uploads\/2023\/02\/Ikme-logo-1.png 700w, https:\/\/www.metce.fi\/wp-content\/uploads\/2023\/02\/Ikme-logo-1-300x185.png 300w\" sizes=\"(max-width: 700px) 100vw, 700px\" \/><\/figure>\n\n\n\n<figure class=\"wp-block-image size-full\"><img loading=\"lazy\" width=\"397\" height=\"145\" src=\"https:\/\/www.metce.fi\/wp-content\/uploads\/2023\/02\/imera_logo-300w-1.jpg\" alt=\"\" class=\"wp-image-1915\" srcset=\"https:\/\/www.metce.fi\/wp-content\/uploads\/2023\/02\/imera_logo-300w-1.jpg 397w, https:\/\/www.metce.fi\/wp-content\/uploads\/2023\/02\/imera_logo-300w-1-300x110.jpg 300w\" sizes=\"(max-width: 397px) 100vw, 397px\" \/><\/figure>\n\n\n\n<figure class=\"wp-block-image size-full\"><img loading=\"lazy\" width=\"267\" height=\"189\" src=\"https:\/\/www.metce.fi\/wp-content\/uploads\/2023\/02\/Kometek-1.png\" alt=\"\" class=\"wp-image-1918\"\/><\/figure>\n\n\n\n<figure class=\"wp-block-image size-full\"><img loading=\"lazy\" width=\"429\" height=\"114\" src=\"http:\/\/35.228.116.243\/wp-content\/uploads\/2020\/08\/salmela.png\" alt=\"\" class=\"wp-image-1515\" srcset=\"https:\/\/www.metce.fi\/wp-content\/uploads\/2020\/08\/salmela.png 429w, https:\/\/www.metce.fi\/wp-content\/uploads\/2020\/08\/salmela-300x80.png 300w\" sizes=\"(max-width: 429px) 100vw, 429px\" \/><\/figure>\n\n\n\n<figure class=\"wp-block-image size-full\"><img loading=\"lazy\" width=\"303\" height=\"102\" src=\"https:\/\/www.metce.fi\/wp-content\/uploads\/2023\/02\/KP-Tuote.jpg\" alt=\"\" class=\"wp-image-1920\" srcset=\"https:\/\/www.metce.fi\/wp-content\/uploads\/2023\/02\/KP-Tuote.jpg 303w, https:\/\/www.metce.fi\/wp-content\/uploads\/2023\/02\/KP-Tuote-300x102.jpg 300w\" sizes=\"(max-width: 303px) 100vw, 303px\" \/><\/figure>\n\n\n\n<figure class=\"wp-block-image size-full\"><img loading=\"lazy\" width=\"300\" height=\"75\" src=\"https:\/\/www.metce.fi\/wp-content\/uploads\/2023\/02\/kuusaanmetalli_logo.png\" alt=\"\" class=\"wp-image-1922\"\/><\/figure>\n\n\n\n<figure class=\"wp-block-image size-full\"><img loading=\"lazy\" width=\"362\" height=\"71\" src=\"http:\/\/35.228.116.243\/wp-content\/uploads\/2020\/08\/vieskanovityo.png\" alt=\"\" class=\"wp-image-1518\" srcset=\"https:\/\/www.metce.fi\/wp-content\/uploads\/2020\/08\/vieskanovityo.png 362w, https:\/\/www.metce.fi\/wp-content\/uploads\/2020\/08\/vieskanovityo-300x59.png 300w\" sizes=\"(max-width: 362px) 100vw, 362px\" \/><\/figure>\n\n\n\n<figure class=\"wp-block-image size-full\"><img loading=\"lazy\" width=\"499\" height=\"97\" src=\"https:\/\/www.metce.fi\/wp-content\/uploads\/2023\/02\/Metaworks.png\" alt=\"\" class=\"wp-image-1924\" srcset=\"https:\/\/www.metce.fi\/wp-content\/uploads\/2023\/02\/Metaworks.png 499w, https:\/\/www.metce.fi\/wp-content\/uploads\/2023\/02\/Metaworks-300x58.png 300w\" sizes=\"(max-width: 499px) 100vw, 499px\" \/><\/figure>\n\n\n\n<figure class=\"wp-block-image size-full\"><img loading=\"lazy\" width=\"522\" height=\"96\" src=\"http:\/\/35.228.116.243\/wp-content\/uploads\/2020\/08\/lipaprofiili.png\" alt=\"\" class=\"wp-image-1814\" srcset=\"https:\/\/www.metce.fi\/wp-content\/uploads\/2020\/08\/lipaprofiili.png 522w, https:\/\/www.metce.fi\/wp-content\/uploads\/2020\/08\/lipaprofiili-300x55.png 300w\" sizes=\"(max-width: 522px) 100vw, 522px\" \/><\/figure>\n\n\n\n<figure class=\"wp-block-image size-full\"><img loading=\"lazy\" width=\"512\" height=\"179\" src=\"http:\/\/35.228.116.243\/wp-content\/uploads\/2020\/08\/kotekman.jpg\" alt=\"\" class=\"wp-image-1813\" srcset=\"https:\/\/www.metce.fi\/wp-content\/uploads\/2020\/08\/kotekman.jpg 512w, https:\/\/www.metce.fi\/wp-content\/uploads\/2020\/08\/kotekman-300x105.jpg 300w\" sizes=\"(max-width: 512px) 100vw, 512px\" \/><\/figure>\n\n\n\n<figure class=\"wp-block-image size-full\"><img loading=\"lazy\" width=\"550\" height=\"134\" src=\"http:\/\/35.228.116.243\/wp-content\/uploads\/2020\/08\/uusi_forssanterasrakenne-1.png\" alt=\"\" class=\"wp-image-1816\" srcset=\"https:\/\/www.metce.fi\/wp-content\/uploads\/2020\/08\/uusi_forssanterasrakenne-1.png 550w, https:\/\/www.metce.fi\/wp-content\/uploads\/2020\/08\/uusi_forssanterasrakenne-1-300x73.png 300w\" sizes=\"(max-width: 550px) 100vw, 550px\" \/><\/figure>\n\n\n\n<figure class=\"wp-block-image size-full\"><img loading=\"lazy\" width=\"326\" height=\"120\" src=\"https:\/\/www.metce.fi\/wp-content\/uploads\/2023\/02\/OC-System.png\" alt=\"\" class=\"wp-image-1927\" srcset=\"https:\/\/www.metce.fi\/wp-content\/uploads\/2023\/02\/OC-System.png 326w, https:\/\/www.metce.fi\/wp-content\/uploads\/2023\/02\/OC-System-300x110.png 300w\" sizes=\"(max-width: 326px) 100vw, 326px\" \/><\/figure>\n\n\n\n<figure class=\"wp-block-image size-full\"><img loading=\"lazy\" width=\"489\" height=\"103\" src=\"https:\/\/www.metce.fi\/wp-content\/uploads\/2023\/02\/Oulun-Laatuasennus.png\" alt=\"\" class=\"wp-image-1930\" srcset=\"https:\/\/www.metce.fi\/wp-content\/uploads\/2023\/02\/Oulun-Laatuasennus.png 489w, https:\/\/www.metce.fi\/wp-content\/uploads\/2023\/02\/Oulun-Laatuasennus-300x63.png 300w\" sizes=\"(max-width: 489px) 100vw, 489px\" \/><\/figure>\n\n\n\n<figure class=\"wp-block-image size-full\"><img loading=\"lazy\" width=\"197\" height=\"57\" src=\"https:\/\/www.metce.fi\/wp-content\/uploads\/2023\/02\/Paltamon-Metalli.jpg\" alt=\"\" class=\"wp-image-1937\"\/><\/figure>\n\n\n\n<figure class=\"wp-block-image size-full\"><img loading=\"lazy\" width=\"213\" height=\"128\" src=\"https:\/\/www.metce.fi\/wp-content\/uploads\/2023\/02\/Raision-Metalli.png\" alt=\"\" class=\"wp-image-1939\"\/><\/figure>\n\n\n\n<figure class=\"wp-block-image size-full\"><img loading=\"lazy\" width=\"200\" height=\"210\" src=\"https:\/\/www.metce.fi\/wp-content\/uploads\/2023\/02\/Ratecon.png\" alt=\"\" class=\"wp-image-1941\"\/><\/figure>\n\n\n\n<figure class=\"wp-block-image size-full\"><img loading=\"lazy\" width=\"225\" height=\"225\" src=\"https:\/\/www.metce.fi\/wp-content\/uploads\/2023\/02\/RR-Leivo.png\" alt=\"\" class=\"wp-image-1943\" srcset=\"https:\/\/www.metce.fi\/wp-content\/uploads\/2023\/02\/RR-Leivo.png 225w, https:\/\/www.metce.fi\/wp-content\/uploads\/2023\/02\/RR-Leivo-150x150.png 150w\" sizes=\"(max-width: 225px) 100vw, 225px\" \/><\/figure>\n\n\n\n<figure class=\"wp-block-image size-full\"><img loading=\"lazy\" width=\"202\" height=\"262\" src=\"https:\/\/www.metce.fi\/wp-content\/uploads\/2023\/02\/RM-Hitsaamo.gif\" alt=\"\" class=\"wp-image-1945\"\/><\/figure>\n\n\n\n<figure class=\"wp-block-image size-full\"><img loading=\"lazy\" width=\"545\" height=\"92\" src=\"https:\/\/www.metce.fi\/wp-content\/uploads\/2023\/02\/Teraselementti.png\" alt=\"\" class=\"wp-image-1947\" srcset=\"https:\/\/www.metce.fi\/wp-content\/uploads\/2023\/02\/Teraselementti.png 545w, https:\/\/www.metce.fi\/wp-content\/uploads\/2023\/02\/Teraselementti-300x51.png 300w\" sizes=\"(max-width: 545px) 100vw, 545px\" \/><\/figure>\n\n\n\n<figure class=\"wp-block-image size-full\"><img loading=\"lazy\" width=\"447\" height=\"113\" src=\"https:\/\/www.metce.fi\/wp-content\/uploads\/2023\/02\/TLP.png\" alt=\"\" class=\"wp-image-1951\" srcset=\"https:\/\/www.metce.fi\/wp-content\/uploads\/2023\/02\/TLP.png 447w, https:\/\/www.metce.fi\/wp-content\/uploads\/2023\/02\/TLP-300x76.png 300w\" sizes=\"(max-width: 447px) 100vw, 447px\" \/><\/figure>\n\n\n\n<figure class=\"wp-block-image size-full\"><img loading=\"lazy\" width=\"465\" height=\"108\" src=\"https:\/\/www.metce.fi\/wp-content\/uploads\/2023\/02\/Vieskan-Ovityo.png\" alt=\"\" class=\"wp-image-1953\" srcset=\"https:\/\/www.metce.fi\/wp-content\/uploads\/2023\/02\/Vieskan-Ovityo.png 465w, https:\/\/www.metce.fi\/wp-content\/uploads\/2023\/02\/Vieskan-Ovityo-300x70.png 300w\" sizes=\"(max-width: 465px) 100vw, 465px\" \/><\/figure>\n\n\n\n<figure class=\"wp-block-image size-full\"><img loading=\"lazy\" width=\"311\" height=\"162\" src=\"https:\/\/www.metce.fi\/wp-content\/uploads\/2023\/02\/VK-Terasrakenne.png\" alt=\"\" class=\"wp-image-1955\" srcset=\"https:\/\/www.metce.fi\/wp-content\/uploads\/2023\/02\/VK-Terasrakenne.png 311w, https:\/\/www.metce.fi\/wp-content\/uploads\/2023\/02\/VK-Terasrakenne-300x156.png 300w\" sizes=\"(max-width: 311px) 100vw, 311px\" \/><\/figure>\n\n\n\n<figure class=\"wp-block-image size-full\"><img loading=\"lazy\" width=\"246\" height=\"67\" src=\"https:\/\/www.metce.fi\/wp-content\/uploads\/2023\/02\/Wokker-Oy.jpg\" alt=\"\" class=\"wp-image-1958\"\/><\/figure>\n<\/figure>\n<\/div><\/div>\n\n\n\n<p><\/p>\n\n\n\n<p><\/p>\n","protected":false},"excerpt":{"rendered":"<p>T\u00e4t\u00e4 mielt\u00e4 ovat asiakkaamme &#8221;Laadunhallinta helpottunut huomattavasti, kun siirryimme paperisista tarkastuslomakkeista Certon selaimessa toimivaan palveluun. Mahdollisten tuotevirheiden j\u00e4ljitett\u00e4vyys on selke\u00e4sti parantunut. Kohteiden luovutus on helpottunut, kun suoritustasoilmoitukset, CE-merkit ja tuotepassit &#8230;<\/p>\n","protected":false},"author":4,"featured_media":0,"parent":0,"menu_order":0,"comment_status":"closed","ping_status":"closed","template":"","meta":{"spay_email":""},"_links":{"self":[{"href":"https:\/\/www.metce.fi\/index.php?rest_route=\/wp\/v2\/pages\/1501"}],"collection":[{"href":"https:\/\/www.metce.fi\/index.php?rest_route=\/wp\/v2\/pages"}],"about":[{"href":"https:\/\/www.metce.fi\/index.php?rest_route=\/wp\/v2\/types\/page"}],"author":[{"embeddable":true,"href":"https:\/\/www.metce.fi\/index.php?rest_route=\/wp\/v2\/users\/4"}],"replies":[{"embeddable":true,"href":"https:\/\/www.metce.fi\/index.php?rest_route=%2Fwp%2Fv2%2Fcomments&post=1501"}],"version-history":[{"count":62,"href":"https:\/\/www.metce.fi\/index.php?rest_route=\/wp\/v2\/pages\/1501\/revisions"}],"predecessor-version":[{"id":1986,"href":"https:\/\/www.metce.fi\/index.php?rest_route=\/wp\/v2\/pages\/1501\/revisions\/1986"}],"wp:attachment":[{"href":"https:\/\/www.metce.fi\/index.php?rest_route=%2Fwp%2Fv2%2Fmedia&parent=1501"}],"curies":[{"name":"wp","href":"https:\/\/api.w.org\/{rel}","templated":true}]}}