{"id":1553,"date":"2020-08-18T14:22:19","date_gmt":"2020-08-18T11:22:19","guid":{"rendered":"http:\/\/35.228.116.243\/?page_id=1553"},"modified":"2020-08-20T15:28:05","modified_gmt":"2020-08-20T12:28:05","slug":"asiantuntija-ja-koulutuspalvelut","status":"publish","type":"page","link":"https:\/\/www.metce.fi\/?page_id=1553","title":{"rendered":"Asiantuntija- ja koulutuspalvelut"},"content":{"rendered":"\n<h2>Asiantuntija- ja koulutuspalvelut<\/h2>\n\n\n\n<p><strong>MetCe Oy tarjoaa asiantuntija- ja koulutuspalveluja metallirakennealan eri toimijoille.<\/strong><\/p>\n\n\n\n<div style=\"height:30px\" aria-hidden=\"true\" class=\"wp-block-spacer\"><\/div>\n\n\n\n<div class=\"wp-block-columns\">\n<div class=\"wp-block-column\">\n<div class=\"wp-block-image\"><figure class=\"aligncenter size-large\"><img loading=\"lazy\" width=\"400\" height=\"300\" src=\"http:\/\/35.228.116.243\/wp-content\/uploads\/2020\/08\/drill-444493_640-1.jpg\" alt=\"\" class=\"wp-image-1822\" srcset=\"https:\/\/www.metce.fi\/wp-content\/uploads\/2020\/08\/drill-444493_640-1.jpg 400w, https:\/\/www.metce.fi\/wp-content\/uploads\/2020\/08\/drill-444493_640-1-300x225.jpg 300w\" sizes=\"(max-width: 400px) 100vw, 400px\" \/><\/figure><\/div>\n\n\n\n<div class=\"asiantuntijabox\"><h3 class=\"has-text-align-center\">METALLIRAKENNEALAN TOIMIJAT<\/h3><ul><li>Toiminnan kehitt\u00e4miseen liittyv\u00e4t asiantuntijapalvelut<\/li><li>Tehtaan sis\u00e4isen laadunvalvonnan laatiminen ja yll\u00e4pito<\/li><li>Metallirakenteiden suunnittelupalvelut<\/li><li>Ty\u00f6ntekij\u00f6iden koulutukset<\/li><\/ul><\/div>\n\n\n\n<p><\/p>\n<\/div>\n\n\n\n<div class=\"wp-block-column\">\n<div class=\"wp-block-image\"><figure class=\"aligncenter size-large\"><img loading=\"lazy\" width=\"400\" height=\"300\" src=\"http:\/\/35.228.116.243\/wp-content\/uploads\/2020\/08\/office-1209640_640-1-1.jpg\" alt=\"\" class=\"wp-image-1821\" srcset=\"https:\/\/www.metce.fi\/wp-content\/uploads\/2020\/08\/office-1209640_640-1-1.jpg 400w, https:\/\/www.metce.fi\/wp-content\/uploads\/2020\/08\/office-1209640_640-1-1-300x225.jpg 300w\" sizes=\"(max-width: 400px) 100vw, 400px\" \/><\/figure><\/div>\n\n\n\n<div class=\"asiantuntijabox\"><h3 class=\"has-text-align-center\">RAKENNUSLIIKKEET<\/h3><ul><li>Metallirakenteiden hankintaprosessiin liittyv\u00e4t asiantuntijapalvelut ja koulutukset<\/li><li>Metallirakenteiden suunnittelupalvelut<\/li><li>Metallirakenteiden CE-merkint\u00e4\u00e4n liittyv\u00e4t koulutukset<\/li><\/ul><\/div>\n<\/div>\n\n\n\n<div class=\"wp-block-column\">\n<div class=\"wp-block-image\"><figure class=\"aligncenter size-large\"><img loading=\"lazy\" width=\"400\" height=\"300\" src=\"http:\/\/35.228.116.243\/wp-content\/uploads\/2020\/08\/housealuminumelements.jpg\" alt=\"\" class=\"wp-image-1820\" srcset=\"https:\/\/www.metce.fi\/wp-content\/uploads\/2020\/08\/housealuminumelements.jpg 400w, https:\/\/www.metce.fi\/wp-content\/uploads\/2020\/08\/housealuminumelements-300x225.jpg 300w\" sizes=\"(max-width: 400px) 100vw, 400px\" \/><\/figure><\/div>\n\n\n\n<div class=\"asiantuntijabox\"><h3 class=\"has-text-align-center\">YKSITYISET RAKENTAJAT<\/h3><ul><li>Asuintalojen alumiinirakenteiden hankintaan liittyv\u00e4t asiantuntijapalvelut<\/li><\/ul><\/div>\n\n\n\n<p><\/p>\n<\/div>\n<\/div>\n\n\n\n<h2>Ota Yhteytt\u00e4<\/h2>\n\n\n<div class=\"wpforms-container wpforms-container-full wpforms-block\" id=\"wpforms-1431\"><form id=\"wpforms-form-1431\" class=\"wpforms-validate wpforms-form\" data-formid=\"1431\" method=\"post\" enctype=\"multipart\/form-data\" action=\"\/index.php?rest_route=%2Fwp%2Fv2%2Fpages%2F1553\" data-token=\"416ad56d67847d5d92668570e611cdce\" data-token-time=\"1776290349\"><noscript class=\"wpforms-error-noscript\">Please enable JavaScript in your browser to complete this form.<\/noscript><div class=\"wpforms-field-container\"><div id=\"wpforms-1431-field_1-container\" class=\"wpforms-field wpforms-field-name\" data-field-id=\"1\"><label class=\"wpforms-field-label\" for=\"wpforms-1431-field_1\">Nimi <span class=\"wpforms-required-label\">*<\/span><\/label><input type=\"text\" id=\"wpforms-1431-field_1\" class=\"wpforms-field-medium wpforms-field-required\" name=\"wpforms[fields][1]\" required><\/div><div id=\"wpforms-1431-field_0-container\" class=\"wpforms-field wpforms-field-email\" data-field-id=\"0\"><label class=\"wpforms-field-label\" for=\"wpforms-1431-field_0\">S\u00e4hk\u00f6posti <span class=\"wpforms-required-label\">*<\/span><\/label><input type=\"email\" id=\"wpforms-1431-field_0\" class=\"wpforms-field-medium wpforms-field-required\" name=\"wpforms[fields][0]\" spellcheck=\"false\" required><\/div><div id=\"wpforms-1431-field_3-container\" class=\"wpforms-field wpforms-field-number\" data-field-id=\"3\"><label class=\"wpforms-field-label\" for=\"wpforms-1431-field_3\">Puhelinnumero<\/label><input type=\"number\" id=\"wpforms-1431-field_3\" class=\"wpforms-field-medium\" name=\"wpforms[fields][3]\" step=\"any\" ><\/div><div id=\"wpforms-1431-field_4-container\" class=\"wpforms-field wpforms-field-textarea\" data-field-id=\"4\"><label class=\"wpforms-field-label\" for=\"wpforms-1431-field_4\">Viesti<\/label><textarea id=\"wpforms-1431-field_4\" class=\"wpforms-field-medium\" name=\"wpforms[fields][4]\" ><\/textarea><\/div><div id=\"wpforms-1431-field_2-container\" class=\"wpforms-field wpforms-field-gdpr-checkbox\" data-field-id=\"2\"><label class=\"wpforms-field-label\">GDPR-Hyv\u00e4ksynt\u00e4 <span class=\"wpforms-required-label\">*<\/span><\/label><ul id=\"wpforms-1431-field_2\" class=\"wpforms-field-required\"><li class=\"choice-1\"><input type=\"checkbox\" id=\"wpforms-1431-field_2_1\" name=\"wpforms[fields][2][]\" value=\"Hyv\u00e4ksyn, ett\u00e4 t\u00e4m\u00e4 verkkosivu tallentaa tietoni jotta he pystyv\u00e4t vastaamaan yhteydenottooni.\" required ><label class=\"wpforms-field-label-inline\" for=\"wpforms-1431-field_2_1\">Hyv\u00e4ksyn, ett\u00e4 t\u00e4m\u00e4 verkkosivu tallentaa tietoni jotta he pystyv\u00e4t vastaamaan yhteydenottooni.<\/label><\/li><\/ul><\/div><\/div><!-- .wpforms-field-container --><div class=\"wpforms-recaptcha-container wpforms-is-recaptcha wpforms-is-recaptcha-type-v2\" ><div class=\"g-recaptcha\" data-sitekey=\"6LcqZMAZAAAAADIAXo4fXT9A31p3jJ0kAAZgnJ5F\"><\/div><input type=\"text\" name=\"g-recaptcha-hidden\" class=\"wpforms-recaptcha-hidden\" style=\"position:absolute!important;clip:rect(0,0,0,0)!important;height:1px!important;width:1px!important;border:0!important;overflow:hidden!important;padding:0!important;margin:0!important;\" data-rule-recaptcha=\"1\"><\/div><div class=\"wpforms-submit-container\" ><input type=\"hidden\" name=\"wpforms[id]\" value=\"1431\"><input type=\"hidden\" name=\"page_title\" value=\"\"><input type=\"hidden\" name=\"page_url\" value=\"https:\/\/www.metce.fi\/index.php?rest_route=\/wp\/v2\/pages\/1553\"><input type=\"hidden\" name=\"url_referer\" value=\"\"><button type=\"submit\" name=\"wpforms[submit]\" id=\"wpforms-submit-1431\" class=\"wpforms-submit\" data-alt-text=\"L\u00e4hetet\u00e4\u00e4n...\" data-submit-text=\"L\u00e4het\u00e4\" aria-live=\"assertive\" value=\"wpforms-submit\">L\u00e4het\u00e4<\/button><\/div><\/form><\/div>  <!-- .wpforms-container -->\n\n\n<p><\/p>\n","protected":false},"excerpt":{"rendered":"<p>MetCe Oy tarjoaa asiantuntija- ja koulutuspalveluja metallialan toimijoille<\/p>\n","protected":false},"author":4,"featured_media":0,"parent":0,"menu_order":0,"comment_status":"closed","ping_status":"closed","template":"","meta":{"spay_email":""},"_links":{"self":[{"href":"https:\/\/www.metce.fi\/index.php?rest_route=\/wp\/v2\/pages\/1553"}],"collection":[{"href":"https:\/\/www.metce.fi\/index.php?rest_route=\/wp\/v2\/pages"}],"about":[{"href":"https:\/\/www.metce.fi\/index.php?rest_route=\/wp\/v2\/types\/page"}],"author":[{"embeddable":true,"href":"https:\/\/www.metce.fi\/index.php?rest_route=\/wp\/v2\/users\/4"}],"replies":[{"embeddable":true,"href":"https:\/\/www.metce.fi\/index.php?rest_route=%2Fwp%2Fv2%2Fcomments&post=1553"}],"version-history":[{"count":21,"href":"https:\/\/www.metce.fi\/index.php?rest_route=\/wp\/v2\/pages\/1553\/revisions"}],"predecessor-version":[{"id":1839,"href":"https:\/\/www.metce.fi\/index.php?rest_route=\/wp\/v2\/pages\/1553\/revisions\/1839"}],"wp:attachment":[{"href":"https:\/\/www.metce.fi\/index.php?rest_route=%2Fwp%2Fv2%2Fmedia&parent=1553"}],"curies":[{"name":"wp","href":"https:\/\/api.w.org\/{rel}","templated":true}]}}